{"id":2119,"date":"2016-03-17T23:28:52","date_gmt":"2016-03-17T23:28:52","guid":{"rendered":"https:\/\/easr.pt\/gestoartessoares\/index.php\/ourivesaria-2\/"},"modified":"2023-01-04T14:58:22","modified_gmt":"2023-01-04T14:58:22","slug":"rpe","status":"publish","type":"page","link":"https:\/\/easr.pt\/gestoartessoares\/index.php\/rpe\/","title":{"rendered":"REALIZA\u00c7\u00c3O PL\u00c1STICA DO ESPET\u00c1CULO"},"content":{"rendered":"","protected":true},"excerpt":{"rendered":"","protected":true},"author":1,"featured_media":3304,"parent":0,"menu_order":0,"comment_status":"closed","ping_status":"closed","template":"","meta":{"footnotes":""},"class_list":["post-2119","page","type-page","status-publish","post-password-required","hentry"],"_links":{"self":[{"href":"https:\/\/easr.pt\/gestoartessoares\/index.php\/wp-json\/wp\/v2\/pages\/2119","targetHints":{"allow":["GET"]}}],"collection":[{"href":"https:\/\/easr.pt\/gestoartessoares\/index.php\/wp-json\/wp\/v2\/pages"}],"about":[{"href":"https:\/\/easr.pt\/gestoartessoares\/index.php\/wp-json\/wp\/v2\/types\/page"}],"author":[{"embeddable":true,"href":"https:\/\/easr.pt\/gestoartessoares\/index.php\/wp-json\/wp\/v2\/users\/1"}],"replies":[{"embeddable":true,"href":"https:\/\/easr.pt\/gestoartessoares\/index.php\/wp-json\/wp\/v2\/comments?post=2119"}],"version-history":[{"count":14,"href":"https:\/\/easr.pt\/gestoartessoares\/index.php\/wp-json\/wp\/v2\/pages\/2119\/revisions"}],"predecessor-version":[{"id":3597,"href":"https:\/\/easr.pt\/gestoartessoares\/index.php\/wp-json\/wp\/v2\/pages\/2119\/revisions\/3597"}],"wp:featuredmedia":[{"embeddable":true,"href":"https:\/\/easr.pt\/gestoartessoares\/index.php\/wp-json\/wp\/v2\/media\/3304"}],"wp:attachment":[{"href":"https:\/\/easr.pt\/gestoartessoares\/index.php\/wp-json\/wp\/v2\/media?parent=2119"}],"curies":[{"name":"wp","href":"https:\/\/api.w.org\/{rel}","templated":true}]}}