{"id":2,"date":"2016-03-07T12:23:24","date_gmt":"2016-03-07T12:23:24","guid":{"rendered":"https:\/\/easr.pt\/gestoartessoares\/?page_id=2"},"modified":"2019-12-03T09:25:32","modified_gmt":"2019-12-03T09:25:32","slug":"home","status":"publish","type":"page","link":"https:\/\/easr.pt\/gestoartessoares\/","title":{"rendered":""},"content":{"rendered":"<p>[vc_row content_placement=&#8221;middle&#8221;][vc_column][vc_column_text]<\/p>\n<div class=\"wpb_text_column wpb_content_element \">\n<div class=\"wpb_wrapper\">\n<div>\n<h1 style=\"text-align: center;\"><span style=\"color: #008080;\"><strong>geStOARtES<\/strong><\/span><\/h1>\n<p>A <strong>Escola Art\u00ed\u00adstica de Soares dos Reis (EASR)<\/strong> \u00e9 uma Escola de Ensino Art\u00edstico Especializado e, em simult\u00e2neo, uma <strong>Escola de Refer\u00eancia para a Educa\u00e7\u00e3o Bilingue<\/strong>, que possibilita a aprendizagem e o desenvolvimento da L\u00ed\u00adngua Gestual Portuguesa e do Portugu\u00eas escrito como primeira e segunda l\u00ednguas, respetivamente, bem como a adequa\u00e7\u00e3o do processo de ensino-aprendizagem dos alunos surdos.<\/p>\n<p>Neste \u00e2mbito, e dada a utiliza\u00e7\u00e3o simult\u00e2nea das duas L\u00ed\u00adnguas, a comunidade educativa sentiu a necessidade de criar um suporte gestual que refletisse o aparecimento espont\u00e2neo de c\u00f3digos gestuais (gestos ainda n\u00e3o sistematizados na LGP), que s\u00e3o inerentes e aplicados \u00e0s diferentes \u00c1reas Art\u00edsticas Especializadas da EASR. N\u00e3o se pretende criar, de forma alguma, l\u00e9xico gestual mas apenas c\u00f3digos gestuais funcionais que sirvam alunos, int\u00e9rpretes e professores no processo de ensino-aprendizagem. A <strong>GestoArtes <\/strong>apenas sistematiza e divulga internamente os c\u00f3digos gestuais \u00e0&nbsp; comunidade educativa da EASR.<\/p>\n<\/div>\n<\/div>\n<\/div>\n<p>[\/vc_column_text][vc_empty_space height=&#8221;40px&#8221;][vc_separator color=&#8221;custom&#8221; style=&#8221;dotted&#8221; accent_color=&#8221;#999999&#8243;][vc_empty_space height=&#8221;40px&#8221;][vc_images_carousel images=&#8221;291,292,293,329,295,294&#8243; img_size=&#8221;full&#8221; onclick=&#8221;link_no&#8221; autoplay=&#8221;yes&#8221; hide_pagination_control=&#8221;yes&#8221; wrap=&#8221;yes&#8221;][\/vc_column][\/vc_row]<\/p>\n","protected":false},"excerpt":{"rendered":"<p>[vc_row content_placement=&#8221;middle&#8221;][vc_column][vc_column_text] geStOARtES A Escola Art\u00ed\u00adstica de Soares dos Reis (EASR) \u00e9 uma Escola de Ensino Art\u00edstico Especializado e, em simult\u00e2neo, uma Escola de Refer\u00eancia para a Educa\u00e7\u00e3o Bilingue, que possibilita a aprendizagem e o desenvolvimento da L\u00ed\u00adngua Gestual Portuguesa e do Portugu\u00eas escrito como primeira e segunda l\u00ednguas, respetivamente, bem como a adequa\u00e7\u00e3o do [&hellip;]<\/p>\n","protected":false},"author":1,"featured_media":291,"parent":0,"menu_order":0,"comment_status":"closed","ping_status":"closed","template":"","meta":{"footnotes":""},"class_list":["post-2","page","type-page","status-publish","has-post-thumbnail","hentry"],"_links":{"self":[{"href":"https:\/\/easr.pt\/gestoartessoares\/index.php\/wp-json\/wp\/v2\/pages\/2","targetHints":{"allow":["GET"]}}],"collection":[{"href":"https:\/\/easr.pt\/gestoartessoares\/index.php\/wp-json\/wp\/v2\/pages"}],"about":[{"href":"https:\/\/easr.pt\/gestoartessoares\/index.php\/wp-json\/wp\/v2\/types\/page"}],"author":[{"embeddable":true,"href":"https:\/\/easr.pt\/gestoartessoares\/index.php\/wp-json\/wp\/v2\/users\/1"}],"replies":[{"embeddable":true,"href":"https:\/\/easr.pt\/gestoartessoares\/index.php\/wp-json\/wp\/v2\/comments?post=2"}],"version-history":[{"count":63,"href":"https:\/\/easr.pt\/gestoartessoares\/index.php\/wp-json\/wp\/v2\/pages\/2\/revisions"}],"predecessor-version":[{"id":3127,"href":"https:\/\/easr.pt\/gestoartessoares\/index.php\/wp-json\/wp\/v2\/pages\/2\/revisions\/3127"}],"wp:featuredmedia":[{"embeddable":true,"href":"https:\/\/easr.pt\/gestoartessoares\/index.php\/wp-json\/wp\/v2\/media\/291"}],"wp:attachment":[{"href":"https:\/\/easr.pt\/gestoartessoares\/index.php\/wp-json\/wp\/v2\/media?parent=2"}],"curies":[{"name":"wp","href":"https:\/\/api.w.org\/{rel}","templated":true}]}}