{"id":256,"date":"2023-06-14T17:47:30","date_gmt":"2023-06-14T16:47:30","guid":{"rendered":"https:\/\/easr.pt\/biblio\/?page_id=256"},"modified":"2023-07-04T12:54:43","modified_gmt":"2023-07-04T11:54:43","slug":"faqs","status":"publish","type":"page","link":"https:\/\/easr.pt\/biblio\/faqs\/","title":{"rendered":"FAQs"},"content":{"rendered":"<p><div class=\"fusion-fullwidth fullwidth-box fusion-builder-row-1 fusion-flex-container has-pattern-background has-mask-background nonhundred-percent-fullwidth non-hundred-percent-height-scrolling\" style=\"--awb-border-radius-top-left:0px;--awb-border-radius-top-right:0px;--awb-border-radius-bottom-right:0px;--awb-border-radius-bottom-left:0px;--awb-margin-bottom:60px;--awb-flex-wrap:wrap;\" ><div class=\"fusion-builder-row fusion-row fusion-flex-align-items-flex-start fusion-flex-content-wrap\" style=\"max-width:1248px;margin-left: calc(-4% \/ 2 );margin-right: calc(-4% \/ 2 );\"><div class=\"fusion-layout-column fusion_builder_column fusion-builder-column-0 fusion_builder_column_1_1 1_1 fusion-flex-column\" style=\"--awb-bg-size:cover;--awb-width-large:100%;--awb-margin-top-large:0px;--awb-spacing-right-large:1.92%;--awb-margin-bottom-large:20px;--awb-spacing-left-large:1.92%;--awb-width-medium:100%;--awb-order-medium:0;--awb-spacing-right-medium:1.92%;--awb-spacing-left-medium:1.92%;--awb-width-small:100%;--awb-order-small:0;--awb-spacing-right-small:1.92%;--awb-spacing-left-small:1.92%;\"><div class=\"fusion-column-wrapper fusion-column-has-shadow fusion-flex-justify-content-flex-start fusion-content-layout-column\"><div class=\"awb-toc-el awb-toc-el--1\" data-awb-toc-id=\"1\" data-awb-toc-options=\"{&quot;allowed_heading_tags&quot;:{&quot;h2&quot;:0},&quot;ignore_headings&quot;:&quot;&quot;,&quot;ignore_headings_words&quot;:&quot;&quot;,&quot;enable_cache&quot;:&quot;yes&quot;,&quot;highlight_current_heading&quot;:&quot;yes&quot;,&quot;hide_hidden_titles&quot;:&quot;yes&quot;,&quot;limit_container&quot;:&quot;all&quot;,&quot;select_custom_headings&quot;:&quot;&quot;,&quot;icon&quot;:&quot;fa-flag fas&quot;,&quot;counter_type&quot;:&quot;none&quot;}\"><div class=\"awb-toc-el__content\"><ul class=\"awb-toc-el__list awb-toc-el__list--0\"><li class=\"awb-toc-el__list-item\"><a class=\"awb-toc-el__item-anchor\" href=\"#toc_Qual_o_horario_da_biblioteca\">Qual o hor\u00e1rio da biblioteca?<\/a><\/li><li class=\"awb-toc-el__list-item\"><a class=\"awb-toc-el__item-anchor\" href=\"#toc_Quem_pode_utilizar_a_Biblioteca\">Quem pode utilizar a Biblioteca?<\/a><\/li><li class=\"awb-toc-el__list-item\"><a class=\"awb-toc-el__item-anchor\" href=\"#toc_Como_funciona_o_servico_de_atendimento\">Como funciona o servi\u00e7o de atendimento?<\/a><\/li><li class=\"awb-toc-el__list-item\"><a class=\"awb-toc-el__item-anchor\" href=\"#toc_Que_tipo_de_apoio_e_disponibilizado_pela_biblioteca\">Que tipo de apoio \u00e9 disponibilizado pela biblioteca?<\/a><\/li><li class=\"awb-toc-el__list-item\"><a class=\"awb-toc-el__item-anchor\" href=\"#toc_E_possivel_fazer_o_emprestimo_de_um_livro\">\u00c9 poss\u00edvel fazer o empr\u00e9stimo de um livro de outra biblioteca?<\/a><\/li><li class=\"awb-toc-el__list-item\"><a class=\"awb-toc-el__item-anchor\" href=\"#toc_Os_encarregados_de_educacao_e_as_pessoas_da\">Os encarregados de educa\u00e7\u00e3o e as pessoas da comunidade podem requisitar livros da biblioteca?<\/a><\/li><li class=\"awb-toc-el__list-item\"><a class=\"awb-toc-el__item-anchor\" href=\"#toc_Como_posso_consultar_o_catalogo_da_biblioteca\">Como posso consultar o cat\u00e1logo da biblioteca?<\/a><\/li><li class=\"awb-toc-el__list-item\"><a class=\"awb-toc-el__item-anchor\" href=\"#toc_Nao_encontro_o_livro_que_quero_na_biblioteca\">N\u00e3o encontro o livro que quero na biblioteca digital. Como fazer?<\/a><\/li><li class=\"awb-toc-el__list-item\"><a class=\"awb-toc-el__item-anchor\" href=\"#toc_Onde_posso_encontrar_recursos_digitais_sobre_as_diferentes\">Onde posso encontrar recursos digitais sobre as diferentes disciplinas?<\/a><\/li><li class=\"awb-toc-el__list-item\"><a class=\"awb-toc-el__item-anchor\" href=\"#toc_A_biblioteca_organiza_acoes_de_formacao_para_utilizacao\">A biblioteca organiza a\u00e7\u00f5es de forma\u00e7\u00e3o para utiliza\u00e7\u00e3o dos recursos a\u00ed existentes?<\/a><\/li><li class=\"awb-toc-el__list-item\"><a class=\"awb-toc-el__item-anchor\" href=\"#toc_A_biblioteca_esta_fechada_e_eu_preciso_de\">A biblioteca est\u00e1 fechada e eu preciso de devolver um livro. Como fazer?<\/a><\/li><\/ul><\/div><\/div><\/div><\/div><\/div><\/div><div class=\"fusion-fullwidth fullwidth-box fusion-builder-row-2 fusion-flex-container has-pattern-background has-mask-background nonhundred-percent-fullwidth non-hundred-percent-height-scrolling\" style=\"--awb-border-radius-top-left:0px;--awb-border-radius-top-right:0px;--awb-border-radius-bottom-right:0px;--awb-border-radius-bottom-left:0px;--awb-flex-wrap:wrap;\" ><div class=\"fusion-builder-row fusion-row fusion-flex-align-items-flex-start fusion-flex-content-wrap\" style=\"max-width:1248px;margin-left: calc(-4% \/ 2 );margin-right: calc(-4% \/ 2 );\"><div class=\"fusion-layout-column fusion_builder_column fusion-builder-column-1 fusion_builder_column_1_1 1_1 fusion-flex-column\" style=\"--awb-bg-size:cover;--awb-width-large:100%;--awb-margin-top-large:0px;--awb-spacing-right-large:1.92%;--awb-margin-bottom-large:20px;--awb-spacing-left-large:1.92%;--awb-width-medium:100%;--awb-order-medium:0;--awb-spacing-right-medium:1.92%;--awb-spacing-left-medium:1.92%;--awb-width-small:100%;--awb-order-small:0;--awb-spacing-right-small:1.92%;--awb-spacing-left-small:1.92%;\"><div class=\"fusion-column-wrapper fusion-column-has-shadow fusion-flex-justify-content-flex-start fusion-content-layout-column\"><div class=\"fusion-content-boxes content-boxes columns row fusion-columns-1 fusion-columns-total-11 fusion-content-boxes-1 content-boxes-icon-with-title content-left\" style=\"--awb-hover-accent-color:var(--awb-color4);--awb-circle-hover-accent-color:var(--awb-color4);--awb-item-margin-bottom:40px;\" data-animationOffset=\"top-into-view\"><div style=\"--awb-backgroundcolor:rgba(255,255,255,0);\" class=\"fusion-column content-box-column content-box-column content-box-column-1 col-lg-12 col-md-12 col-sm-12 fusion-content-box-hover content-box-column-last-in-row\"><div class=\"col content-box-wrapper content-wrapper link-area-link-icon content-icon-wrapper-yes icon-hover-animation-fade\" data-animationOffset=\"top-into-view\"><div class=\"heading icon-left\"><h2 class=\"content-box-heading\" style=\"--h2_typography-font-size:24px;line-height:29px;\">Qual o hor\u00e1rio da biblioteca?<\/h2><\/div><div class=\"fusion-clearfix\"><\/div><div class=\"content-container\">\n<p>A biblioteca funciona das 08h30 \u00e0s 18h25, de segunda a sexta-feira.<\/p>\n<\/div><\/div><\/div><div style=\"--awb-backgroundcolor:rgba(255,255,255,0);\" class=\"fusion-column content-box-column content-box-column content-box-column-2 col-lg-12 col-md-12 col-sm-12 fusion-content-box-hover content-box-column-last-in-row\"><div class=\"col content-box-wrapper content-wrapper link-area-link-icon content-icon-wrapper-yes icon-hover-animation-fade\" data-animationOffset=\"top-into-view\"><div class=\"heading icon-left\"><h2 class=\"content-box-heading\" style=\"--h2_typography-font-size:24px;line-height:29px;\">Quem pode utilizar a Biblioteca?<\/h2><\/div><div class=\"fusion-clearfix\"><\/div><div class=\"content-container\">\n<p>O acesso \u00e0 biblioteca, \u00e0 leitura e consulta do seu fundo bibliogr\u00e1fico e documental, \u00e9 aberto e gratuito a todos os membros da comunidade.<\/p>\n<\/div><\/div><\/div><div style=\"--awb-backgroundcolor:rgba(255,255,255,0);\" class=\"fusion-column content-box-column content-box-column content-box-column-3 col-lg-12 col-md-12 col-sm-12 fusion-content-box-hover content-box-column-last-in-row\"><div class=\"col content-box-wrapper content-wrapper link-area-link-icon content-icon-wrapper-yes icon-hover-animation-fade\" data-animationOffset=\"top-into-view\"><div class=\"heading icon-left\"><h2 class=\"content-box-heading\" style=\"--h2_typography-font-size:24px;line-height:29px;\">Como funciona o servi\u00e7o de atendimento?<\/h2><\/div><div class=\"fusion-clearfix\"><\/div><div class=\"content-container\">\n<p>Presencial: De segunda a sexta-feira, das 08h30 \u00e0s 18h25.<br \/>\nN\u00e3o Presencial: Diariamente (24\/24) via email \u2013 be-atendimento@essr.net e atrav\u00e9s das respostas \u00e0s perguntas frequentes.<\/p>\n<\/div><\/div><\/div><div style=\"--awb-backgroundcolor:rgba(255,255,255,0);\" class=\"fusion-column content-box-column content-box-column content-box-column-4 col-lg-12 col-md-12 col-sm-12 fusion-content-box-hover content-box-column-last-in-row\"><div class=\"col content-box-wrapper content-wrapper link-area-link-icon content-icon-wrapper-yes icon-hover-animation-fade\" data-animationOffset=\"top-into-view\"><div class=\"heading icon-left\"><h2 class=\"content-box-heading\" style=\"--h2_typography-font-size:24px;line-height:29px;\">Que tipo de apoio \u00e9 disponibilizado pela biblioteca?<\/h2><\/div><div class=\"fusion-clearfix\"><\/div><div class=\"content-container\">\n<p>A biblioteca funciona em regime presencial e n\u00e3o presencial e disponibiliza os seguintes servi\u00e7os:<br \/>\nRecursos e ferramentas de apoio \u00e0s atividades letivas;<br \/>\nForma\u00e7\u00e3o e apoio na utiliza\u00e7\u00e3o de recursos e ferramentas digitais;<br \/>\nApoio e orienta\u00e7\u00e3o na pesquisa de informa\u00e7\u00e3o e na sele\u00e7\u00e3o de recursos;<br \/>\nProjetos\/ atividades para o desenvolvimento das literacias da leitura, da informa\u00e7\u00e3o e dos media;<br \/>\nEmpr\u00e9stimo de recursos documentais (domic\u00edlio e sala de aula);<br \/>\nAtividades livres em articula\u00e7\u00e3o com os docentes e as fam\u00edlias;<br \/>\nDisponibiliza\u00e7\u00e3o de recursos em linha.<\/p>\n<\/div><\/div><\/div><div style=\"--awb-backgroundcolor:rgba(255,255,255,0);\" class=\"fusion-column content-box-column content-box-column content-box-column-5 col-lg-12 col-md-12 col-sm-12 fusion-content-box-hover content-box-column-last-in-row\"><div class=\"col content-box-wrapper content-wrapper link-area-link-icon content-icon-wrapper-yes icon-hover-animation-fade\" data-animationOffset=\"top-into-view\"><div class=\"heading icon-left\"><h2 class=\"content-box-heading\" style=\"--h2_typography-font-size:24px;line-height:29px;\">\u00c9 poss\u00edvel fazer o empr\u00e9stimo de um livro de outra biblioteca?<\/h2><\/div><div class=\"fusion-clearfix\"><\/div><div class=\"content-container\">\n<p>Sim. A biblioteca da EASR faz parte de uma rede concelhia de bibliotecas. Isso significa que as BE podem pedir emprestados livros e DVD de outra BE para disponibilizar aos seus utilizadores.<\/p>\n<\/div><\/div><\/div><div style=\"--awb-backgroundcolor:rgba(255,255,255,0);\" class=\"fusion-column content-box-column content-box-column content-box-column-6 col-lg-12 col-md-12 col-sm-12 fusion-content-box-hover content-box-column-last-in-row\"><div class=\"col content-box-wrapper content-wrapper link-area-link-icon content-icon-wrapper-yes icon-hover-animation-fade\" data-animationOffset=\"top-into-view\"><div class=\"heading icon-left\"><h2 class=\"content-box-heading\" style=\"--h2_typography-font-size:24px;line-height:29px;\">Os encarregados de educa\u00e7\u00e3o e as pessoas da comunidade podem requisitar livros da biblioteca?<\/h2><\/div><div class=\"fusion-clearfix\"><\/div><div class=\"content-container\">\n<p>Todos os livros existentes na biblioteca, destinados a empr\u00e9stimo domicili\u00e1rio, podem ser requisitados por encarregados de educa\u00e7\u00e3o e pela comunidade local, mediante o preenchimento de impresso pr\u00f3prio.<\/p>\n<\/div><\/div><\/div><div style=\"--awb-backgroundcolor:rgba(255,255,255,0);\" class=\"fusion-column content-box-column content-box-column content-box-column-7 col-lg-12 col-md-12 col-sm-12 fusion-content-box-hover content-box-column-last-in-row\"><div class=\"col content-box-wrapper content-wrapper link-area-link-icon content-icon-wrapper-yes icon-hover-animation-fade\" data-animationOffset=\"top-into-view\"><div class=\"heading icon-left\"><h2 class=\"content-box-heading\" style=\"--h2_typography-font-size:24px;line-height:29px;\">Como posso consultar o cat\u00e1logo da biblioteca?<\/h2><\/div><div class=\"fusion-clearfix\"><\/div><div class=\"content-container\">\n<p>O cat\u00e1logo da biblioteca est\u00e1 dispon\u00edvel na p\u00e1gina da biblioteca atrav\u00e9s do separador \u2013 Servi\u00e7os\/Refer\u00eancia.<\/p>\n<\/div><\/div><\/div><div style=\"--awb-backgroundcolor:rgba(255,255,255,0);\" class=\"fusion-column content-box-column content-box-column content-box-column-8 col-lg-12 col-md-12 col-sm-12 fusion-content-box-hover content-box-column-last-in-row\"><div class=\"col content-box-wrapper content-wrapper link-area-link-icon content-icon-wrapper-yes icon-hover-animation-fade\" data-animationOffset=\"top-into-view\"><div class=\"heading icon-left\"><h2 class=\"content-box-heading\" style=\"--h2_typography-font-size:24px;line-height:29px;\">N\u00e3o encontro o livro que quero na biblioteca digital. Como fazer?<\/h2><\/div><div class=\"fusion-clearfix\"><\/div><div class=\"content-container\">\n<p>A biblioteca digital disponibiliza um campo de pesquisa. Escolha palavras-chave para fazer a sua pesquisa, como o nome do autor ou o t\u00edtulo da obra. Se, mesmo assim, tiver dificuldades, use o servi\u00e7o de apoio da biblioteca.<\/p>\n<\/div><\/div><\/div><div style=\"--awb-backgroundcolor:rgba(255,255,255,0);\" class=\"fusion-column content-box-column content-box-column content-box-column-9 col-lg-12 col-md-12 col-sm-12 fusion-content-box-hover content-box-column-last-in-row\"><div class=\"col content-box-wrapper content-wrapper link-area-link-icon content-icon-wrapper-yes icon-hover-animation-fade\" data-animationOffset=\"top-into-view\"><div class=\"heading icon-left\"><h2 class=\"content-box-heading\" style=\"--h2_typography-font-size:24px;line-height:29px;\">Onde posso encontrar recursos digitais sobre as diferentes disciplinas?<\/h2><\/div><div class=\"fusion-clearfix\"><\/div><div class=\"content-container\">\n<p>Na p\u00e1gina da biblioteca pode aceder a recursos diversificados organizados, por disciplina, que incluem livros e revistas digitais, gui\u00f5es, gram\u00e1ticas, dicion\u00e1rio, jogos educativos, entre outros. Acede atrav\u00e9s do separador \u2013 Servi\u00e7os\/Documenta\u00e7\u00e3o.<\/p>\n<\/div><\/div><\/div><div style=\"--awb-backgroundcolor:rgba(255,255,255,0);\" class=\"fusion-column content-box-column content-box-column content-box-column-10 col-lg-12 col-md-12 col-sm-12 fusion-content-box-hover content-box-column-last-in-row\"><div class=\"col content-box-wrapper content-wrapper link-area-link-icon content-icon-wrapper-yes icon-hover-animation-fade\" data-animationOffset=\"top-into-view\"><div class=\"heading icon-left\"><h2 class=\"content-box-heading\" style=\"--h2_typography-font-size:24px;line-height:29px;\">A biblioteca organiza a\u00e7\u00f5es de forma\u00e7\u00e3o para utiliza\u00e7\u00e3o dos recursos a\u00ed existentes?<\/h2><\/div><div class=\"fusion-clearfix\"><\/div><div class=\"content-container\">\n<p>Sim, s\u00e3o efetuadas sess\u00f5es de forma\u00e7\u00e3o no in\u00edcio do ano letivo e sempre que se revele necess\u00e1rio.<\/p>\n<\/div><\/div><\/div><div style=\"--awb-backgroundcolor:rgba(255,255,255,0);\" class=\"fusion-column content-box-column content-box-column content-box-column-11 col-lg-12 col-md-12 col-sm-12 fusion-content-box-hover content-box-column-last content-box-column-last-in-row\"><div class=\"col content-box-wrapper content-wrapper link-area-link-icon content-icon-wrapper-yes icon-hover-animation-fade\" data-animationOffset=\"top-into-view\"><div class=\"heading icon-left\"><h2 class=\"content-box-heading\" style=\"--h2_typography-font-size:24px;line-height:29px;\">A biblioteca est\u00e1 fechada e eu preciso de devolver um livro. Como fazer?<\/h2><\/div><div class=\"fusion-clearfix\"><\/div><div class=\"content-container\">\n<p>A devolu\u00e7\u00e3o dever\u00e1, ser sempre feita, no hor\u00e1rio de atendimento da biblioteca.<\/p>\n<\/div><\/div><\/div><div class=\"fusion-clearfix\"><\/div><\/div><\/div><\/div><\/div><\/div><\/p>\n","protected":false},"excerpt":{"rendered":"","protected":false},"author":3,"featured_media":0,"parent":0,"menu_order":0,"comment_status":"closed","ping_status":"closed","template":"","meta":{"footnotes":""},"class_list":["post-256","page","type-page","status-publish","hentry"],"_links":{"self":[{"href":"https:\/\/easr.pt\/biblio\/wp-json\/wp\/v2\/pages\/256","targetHints":{"allow":["GET"]}}],"collection":[{"href":"https:\/\/easr.pt\/biblio\/wp-json\/wp\/v2\/pages"}],"about":[{"href":"https:\/\/easr.pt\/biblio\/wp-json\/wp\/v2\/types\/page"}],"author":[{"embeddable":true,"href":"https:\/\/easr.pt\/biblio\/wp-json\/wp\/v2\/users\/3"}],"replies":[{"embeddable":true,"href":"https:\/\/easr.pt\/biblio\/wp-json\/wp\/v2\/comments?post=256"}],"version-history":[{"count":17,"href":"https:\/\/easr.pt\/biblio\/wp-json\/wp\/v2\/pages\/256\/revisions"}],"predecessor-version":[{"id":415,"href":"https:\/\/easr.pt\/biblio\/wp-json\/wp\/v2\/pages\/256\/revisions\/415"}],"wp:attachment":[{"href":"https:\/\/easr.pt\/biblio\/wp-json\/wp\/v2\/media?parent=256"}],"curies":[{"name":"wp","href":"https:\/\/api.w.org\/{rel}","templated":true}]}}